{"id":2235,"date":"2025-01-14T10:28:43","date_gmt":"2025-01-14T10:28:43","guid":{"rendered":"https:\/\/bbb-ag.ch\/?page_id=2235"},"modified":"2025-10-02T12:33:58","modified_gmt":"2025-10-02T12:33:58","slug":"jobs","status":"publish","type":"page","link":"https:\/\/bbb-ag.ch\/index.php\/jobs\/","title":{"rendered":"Jobs"},"content":{"rendered":"<p>[et_pb_section fb_built=&#8220;1&#8243; disabled_on=&#8220;on|on|off&#8220; _builder_version=&#8220;4.16&#8243; _module_preset=&#8220;default&#8220; global_colors_info=&#8220;{}&#8220;][et_pb_row _builder_version=&#8220;4.27.4&#8243; _module_preset=&#8220;default&#8220; global_colors_info=&#8220;{}&#8220;][et_pb_column type=&#8220;4_4&#8243; _builder_version=&#8220;4.27.4&#8243; _module_preset=&#8220;default&#8220; global_colors_info=&#8220;{}&#8220;][et_pb_image src=&#8220;https:\/\/bbb-ag.ch\/wp-content\/uploads\/2025\/01\/DSC_0278-scaled.jpg&#8220; alt=&#8220;Team 1&#8243; title_text=&#8220;Team 1&#8243; _builder_version=&#8220;4.27.4&#8243; _module_preset=&#8220;default&#8220; global_colors_info=&#8220;{}&#8220;][\/et_pb_image][et_pb_text _builder_version=&#8220;4.27.4&#8243; _module_preset=&#8220;default&#8220; global_colors_info=&#8220;{}&#8220;]<\/p>\n<h2 style=\"text-align: center;\">BBB AG<\/h2>\n<p style=\"text-align: center;\">spannende Projekte, famili\u00e4res Team, offene Kommunikation, vertrauensvolles Miteinander\u00a0<\/p>\n<p>[\/et_pb_text][\/et_pb_column][\/et_pb_row][et_pb_row _builder_version=&#8220;4.27.4&#8243; _module_preset=&#8220;default&#8220; global_colors_info=&#8220;{}&#8220;][et_pb_column type=&#8220;4_4&#8243; _builder_version=&#8220;4.27.4&#8243; _module_preset=&#8220;default&#8220; global_colors_info=&#8220;{}&#8220;][et_pb_text _builder_version=&#8220;4.27.4&#8243; _module_preset=&#8220;default&#8220; global_colors_info=&#8220;{}&#8220;]<\/p>\n<h3>Du m\u00f6chtest anspruchsvolle Architektur in die Realit\u00e4t umsetzen?<\/h3>\n<p>Wir suchen &#8230;<\/p>\n<p>[\/et_pb_text][\/et_pb_column][\/et_pb_row][et_pb_row column_structure=&#8220;1_2,1_2&#8243; _builder_version=&#8220;4.27.4&#8243; _module_preset=&#8220;default&#8220; hover_enabled=&#8220;0&#8243; global_colors_info=&#8220;{}&#8220; sticky_enabled=&#8220;0&#8243;][et_pb_column type=&#8220;1_2&#8243; _builder_version=&#8220;4.27.4&#8243; _module_preset=&#8220;default&#8220; global_colors_info=&#8220;{}&#8220;][et_pb_blurb title=&#8220;Aktuell keine freien Positionen&#8220; use_icon=&#8220;on&#8220; _builder_version=&#8220;4.27.4&#8243; _module_preset=&#8220;default&#8220; text_orientation_tablet=&#8220;&#8220; text_orientation_phone=&#8220;&#8220; text_orientation_last_edited=&#8220;on|desktop&#8220; global_colors_info=&#8220;{}&#8220;][\/et_pb_blurb][\/et_pb_column][et_pb_column type=&#8220;1_2&#8243; _builder_version=&#8220;4.27.4&#8243; _module_preset=&#8220;default&#8220; global_colors_info=&#8220;{}&#8220;][\/et_pb_column][\/et_pb_row][et_pb_row column_structure=&#8220;2_5,3_5&#8243; disabled_on=&#8220;on|on|on&#8220; _builder_version=&#8220;4.27.4&#8243; _module_preset=&#8220;default&#8220; hover_enabled=&#8220;0&#8243; disabled=&#8220;on&#8220; global_colors_info=&#8220;{}&#8220; sticky_enabled=&#8220;0&#8243;][et_pb_column type=&#8220;2_5&#8243; _builder_version=&#8220;4.27.4&#8243; _module_preset=&#8220;default&#8220; global_colors_info=&#8220;{}&#8220;][et_pb_text _builder_version=&#8220;4.27.4&#8243; _module_preset=&#8220;default&#8220; global_colors_info=&#8220;{}&#8220;]<\/p>\n<h2>Bauleiter:in<\/h2>\n<p>Festanstellung, 100%<\/p>\n<p>&nbsp;<\/p>\n<p>&nbsp;<\/p>\n<p>&nbsp;<\/p>\n<h3>Inetresse geweckt?<\/h3>\n<p>Bewerbung per <a href=\"mailto:info@bbb-ag.ch\">Mail<\/a> oder melde Dich gerne telefonisch.<\/p>\n<p>[\/et_pb_text][\/et_pb_column][et_pb_column type=&#8220;3_5&#8243; _builder_version=&#8220;4.27.4&#8243; _module_preset=&#8220;default&#8220; global_colors_info=&#8220;{}&#8220;][et_pb_text _builder_version=&#8220;4.27.4&#8243; _module_preset=&#8220;default&#8220; global_colors_info=&#8220;{}&#8220;]<\/p>\n<h4>Deine Aufgaben<\/h4>\n<ul>\n<li>\u00dcbernahme und Leitung von anspruchsvollen Neubauten und Umbauten<\/li>\n<li>Eigenst\u00e4ndige Verantwortung f\u00fcr die Umsetzung der Bauprojekte, von der Begleitung in der Planungsphase bis zur Fertigstellung.<\/li>\n<li>Koordination und \u00dcberwachung der Bauabl\u00e4ufe<\/li>\n<li>Qualit\u00e4tssicherung sowie Kosten- und Terminplanung<\/li>\n<li>Ausschreibungen und Vergaben<\/li>\n<\/ul>\n<h4><\/h4>\n<p>&nbsp;<\/p>\n<h4>Dein Profil<\/h4>\n<ul>\n<li>Abgeschlossene Ausbildung im Bauwesen (z. B. Bauleiter:in, Architekt:in oder in einem handwerklichen Beruf)<\/li>\n<li>Selbstst\u00e4ndige, l\u00f6sungsorientierte und strukturierte Arbeitsweise<\/li>\n<li>Gute Kommunikation- und Ausdrucksweise sowie ein hohes Mass an Verantwortung und Zuverl\u00e4ssigkeit<\/li>\n<li>Freude an einem respektvollen, offenen Umgang im Team und mit allen Projektbeteiligten<\/li>\n<\/ul>\n<p><strong><\/strong><\/p>\n<p><strong><\/strong><\/p>\n<h4>Das bieten wir Dir<\/h4>\n<ul>\n<li>Ein famili\u00e4res Arbeitsumfeld mit flachen Hierarchien und einer offenen, direkten und wertsch\u00e4tzenden Kommunikation<\/li>\n<li>Spannende und anspruchsvolle Architektur in die Realit\u00e4t umzusetzen<\/li>\n<li>moderner Arbeitsplatz in einem kollegialen Team in dem Teamgeist und gegenseitiges Vertrauen gross geschrieben wird<\/li>\n<li>Firmenfahrzeug und Firmentelefon, die auch privat genutzt werden d\u00fcrfen<\/li>\n<li>Attraktive Pensionskasse<\/li>\n<li>Vielf\u00e4ltige Aus- und Weiterbildungsm\u00f6glichkeiten, um Deine berufliche Entwicklung zu f\u00f6rdern<\/li>\n<\/ul>\n<p>&nbsp;<\/p>\n<p>[\/et_pb_text][\/et_pb_column][\/et_pb_row][\/et_pb_section][et_pb_section fb_built=&#8220;1&#8243; disabled_on=&#8220;off|off|on&#8220; _builder_version=&#8220;4.16&#8243; _module_preset=&#8220;default&#8220; global_colors_info=&#8220;{}&#8220;][et_pb_row _builder_version=&#8220;4.16&#8243; _module_preset=&#8220;default&#8220; background_enable_image=&#8220;off&#8220; custom_padding=&#8220;0px||||false|false&#8220; background_last_edited=&#8220;on|phone&#8220; background_size_tablet=&#8220;contain&#8220; global_colors_info=&#8220;{}&#8220;][et_pb_column type=&#8220;4_4&#8243; _builder_version=&#8220;4.16&#8243; _module_preset=&#8220;default&#8220; background_enable_image=&#8220;off&#8220; background_last_edited=&#8220;on|desktop&#8220; background_size_tablet=&#8220;contain&#8220; global_colors_info=&#8220;{}&#8220;][et_pb_image src=&#8220;https:\/\/bbb-ag.ch\/wp-content\/uploads\/2025\/01\/DSC_0278-scaled.jpg&#8220; alt=&#8220;Team 1&#8243; title_text=&#8220;Team 1&#8243; _builder_version=&#8220;4.27.4&#8243; _module_preset=&#8220;default&#8220; global_colors_info=&#8220;{}&#8220;][\/et_pb_image][\/et_pb_column][\/et_pb_row][et_pb_row _builder_version=&#8220;4.27.4&#8243; _module_preset=&#8220;default&#8220; global_colors_info=&#8220;{}&#8220;][et_pb_column type=&#8220;4_4&#8243; _builder_version=&#8220;4.27.4&#8243; _module_preset=&#8220;default&#8220; global_colors_info=&#8220;{}&#8220;][et_pb_text _builder_version=&#8220;4.27.4&#8243; _module_preset=&#8220;default&#8220; global_colors_info=&#8220;{}&#8220;]<\/p>\n<h2 style=\"text-align: center;\">BBB AG<\/h2>\n<p style=\"text-align: center;\">spannende Projekte, famili\u00e4res Team, offene Kommunikation, vertrauensvolles Miteinander<\/p>\n<p>[\/et_pb_text][\/et_pb_column][\/et_pb_row][et_pb_row _builder_version=&#8220;4.27.4&#8243; _module_preset=&#8220;default&#8220; global_colors_info=&#8220;{}&#8220;][et_pb_column type=&#8220;4_4&#8243; _builder_version=&#8220;4.27.4&#8243; _module_preset=&#8220;default&#8220; global_colors_info=&#8220;{}&#8220;][et_pb_text _builder_version=&#8220;4.27.4&#8243; _module_preset=&#8220;default&#8220; global_colors_info=&#8220;{}&#8220;]<\/p>\n<h3>Du m\u00f6chtest anspruchsvolle Architektur in die Realit\u00e4t umsetzen?<\/h3>\n<p>Wir suchen &#8230;<\/p>\n<p>[\/et_pb_text][\/et_pb_column][\/et_pb_row][et_pb_row _builder_version=&#8220;4.27.4&#8243; _module_preset=&#8220;default&#8220; column_structure=&#8220;1_2,1_2&#8243;][et_pb_column _builder_version=&#8220;4.27.4&#8243; _module_preset=&#8220;default&#8220; type=&#8220;1_2&#8243;][et_pb_text _builder_version=&#8220;4.27.4&#8243; _module_preset=&#8220;default&#8220; hover_enabled=&#8220;0&#8243; sticky_enabled=&#8220;0&#8243;]<\/p>\n<p>Aktuell keine freien Positionen<\/p>\n<p>[\/et_pb_text][\/et_pb_column][et_pb_column _builder_version=&#8220;4.27.4&#8243; _module_preset=&#8220;default&#8220; type=&#8220;1_2&#8243;][\/et_pb_column][\/et_pb_row][et_pb_row _builder_version=&#8220;4.27.4&#8243; _module_preset=&#8220;default&#8220; global_colors_info=&#8220;{}&#8220; disabled_on=&#8220;on|on|on&#8220; disabled=&#8220;on&#8220;][et_pb_column type=&#8220;4_4&#8243; _builder_version=&#8220;4.27.4&#8243; _module_preset=&#8220;default&#8220; global_colors_info=&#8220;{}&#8220;][et_pb_text _builder_version=&#8220;4.27.4&#8243; _module_preset=&#8220;default&#8220; global_colors_info=&#8220;{}&#8220;]<\/p>\n<h2>Bauleiter:in<\/h2>\n<p>Festanstellung, 100%<\/p>\n<h4><\/h4>\n<h4>Deine Aufgaben<\/h4>\n<ul>\n<li>\u00dcbernahme und Leitung von anspruchsvollen Neubauten und Umbauten<\/li>\n<li>Eigenst\u00e4ndige Verantwortung f\u00fcr die Umsetzung der Bauprojekte<\/li>\n<li>Koordination und \u00dcberwachung der Bauabl\u00e4ufe<\/li>\n<li>Qualit\u00e4tssicherung sowie Kosten- und Terminplanung<\/li>\n<li>Ausschreibungen und Vergaben<\/li>\n<\/ul>\n<h4><\/h4>\n<h4>Dein Profil<\/h4>\n<ul>\n<li>Abgeschlossene Ausbildung im Bauwesen<\/li>\n<li>Selbstst\u00e4ndige, l\u00f6sungsorientierte und strukturierte Arbeitsweise<\/li>\n<li>Gute Kommunikation- und Ausdrucksweise<\/li>\n<li>Verantwortungsbewusstsein und Zuverl\u00e4ssigkeit<\/li>\n<li>Freude an einem respektvollen, offenen Umgang<\/li>\n<\/ul>\n<p>&nbsp;<\/p>\n<h4>Das bieten wir Dir<\/h4>\n<ul>\n<li>Ein famili\u00e4res Arbeitsumfeld<\/li>\n<li>Spannende und anspruchsvolle Architektur<\/li>\n<li>moderner Arbeitsplatz in einem kollegialen Team<\/li>\n<li>Firmenfahrzeug und Firmentelefon<\/li>\n<li>Attraktive Pensionskasse<\/li>\n<li>Vielf\u00e4ltige Aus- und Weiterbildungsm\u00f6glichkeiten<\/li>\n<\/ul>\n<p>&nbsp;<\/p>\n<h3>Inetresse geweckt?<\/h3>\n<p>Bewerbung per <a href=\"mailto:info@bbb-ag.ch\">Mail<\/a> oder melde Dich gerne telefonisch.<\/p>\n<p>[\/et_pb_text][\/et_pb_column][\/et_pb_row][\/et_pb_section]<\/p>\n","protected":false},"excerpt":{"rendered":"<p>BBB AG spannende Projekte, famili\u00e4res Team, offene Kommunikation, vertrauensvolles Miteinander\u00a0Du m\u00f6chtest anspruchsvolle Architektur in die Realit\u00e4t umsetzen? Wir suchen &#8230;Bauleiter:in Festanstellung, 100% &nbsp; &nbsp; &nbsp; Inetresse geweckt? Bewerbung per Mail oder melde Dich gerne telefonisch.Deine Aufgaben \u00dcbernahme und Leitung von anspruchsvollen Neubauten und Umbauten Eigenst\u00e4ndige Verantwortung f\u00fcr die Umsetzung der Bauprojekte, von der Begleitung in [&hellip;]<\/p>\n","protected":false},"author":3,"featured_media":0,"parent":0,"menu_order":0,"comment_status":"closed","ping_status":"closed","template":"","meta":{"_et_pb_use_builder":"on","_et_pb_old_content":"","_et_gb_content_width":"","footnotes":""},"class_list":["post-2235","page","type-page","status-publish","hentry"],"_links":{"self":[{"href":"https:\/\/bbb-ag.ch\/index.php\/wp-json\/wp\/v2\/pages\/2235","targetHints":{"allow":["GET"]}}],"collection":[{"href":"https:\/\/bbb-ag.ch\/index.php\/wp-json\/wp\/v2\/pages"}],"about":[{"href":"https:\/\/bbb-ag.ch\/index.php\/wp-json\/wp\/v2\/types\/page"}],"author":[{"embeddable":true,"href":"https:\/\/bbb-ag.ch\/index.php\/wp-json\/wp\/v2\/users\/3"}],"replies":[{"embeddable":true,"href":"https:\/\/bbb-ag.ch\/index.php\/wp-json\/wp\/v2\/comments?post=2235"}],"version-history":[{"count":10,"href":"https:\/\/bbb-ag.ch\/index.php\/wp-json\/wp\/v2\/pages\/2235\/revisions"}],"predecessor-version":[{"id":2296,"href":"https:\/\/bbb-ag.ch\/index.php\/wp-json\/wp\/v2\/pages\/2235\/revisions\/2296"}],"wp:attachment":[{"href":"https:\/\/bbb-ag.ch\/index.php\/wp-json\/wp\/v2\/media?parent=2235"}],"curies":[{"name":"wp","href":"https:\/\/api.w.org\/{rel}","templated":true}]}}