{"id":2233,"date":"2025-01-14T10:28:43","date_gmt":"2025-01-14T10:28:43","guid":{"rendered":"https:\/\/bbb-ag.ch\/?page_id=2233"},"modified":"2025-01-20T14:46:54","modified_gmt":"2025-01-20T14:46:54","slug":"firmenpolitik","status":"publish","type":"page","link":"https:\/\/bbb-ag.ch\/index.php\/firmenpolitik\/","title":{"rendered":"Firmenleitbild"},"content":{"rendered":"<p>[et_pb_section fb_built=&#8220;1&#8243; disabled_on=&#8220;on|on|off&#8220; _builder_version=&#8220;4.16&#8243; _module_preset=&#8220;default&#8220; global_colors_info=&#8220;{}&#8220;][et_pb_row _builder_version=&#8220;4.27.4&#8243; _module_preset=&#8220;default&#8220; global_colors_info=&#8220;{}&#8220;][et_pb_column type=&#8220;4_4&#8243; _builder_version=&#8220;4.27.4&#8243; _module_preset=&#8220;default&#8220; global_colors_info=&#8220;{}&#8220;][et_pb_image src=&#8220;https:\/\/bbb-ag.ch\/wp-content\/uploads\/2025\/01\/DSC_0874-scaled.jpg&#8220; alt=&#8220;Team 2&#8243; title_text=&#8220;Team 2&#8243; _builder_version=&#8220;4.27.4&#8243; _module_preset=&#8220;default&#8220; global_colors_info=&#8220;{}&#8220;][\/et_pb_image][\/et_pb_column][\/et_pb_row][et_pb_row _builder_version=&#8220;4.27.4&#8243; _module_preset=&#8220;default&#8220; global_colors_info=&#8220;{}&#8220;][et_pb_column type=&#8220;4_4&#8243; _builder_version=&#8220;4.27.4&#8243; _module_preset=&#8220;default&#8220; global_colors_info=&#8220;{}&#8220;][et_pb_text _builder_version=&#8220;4.27.4&#8243; _module_preset=&#8220;default&#8220; global_colors_info=&#8220;{}&#8220;]<\/p>\n<h2 style=\"text-align: center;\">BBB AG<\/h2>\n<p style=\"text-align: center;\">Ihr Bauleitungsb\u00fcro am Z\u00fcrichsee<\/p>\n<p>[\/et_pb_text][\/et_pb_column][\/et_pb_row][et_pb_row column_structure=&#8220;2_5,3_5&#8243; _builder_version=&#8220;4.27.4&#8243; _module_preset=&#8220;default&#8220; global_colors_info=&#8220;{}&#8220;][et_pb_column type=&#8220;2_5&#8243; _builder_version=&#8220;4.27.4&#8243; _module_preset=&#8220;default&#8220; global_colors_info=&#8220;{}&#8220;][et_pb_text _builder_version=&#8220;4.27.4&#8243; _module_preset=&#8220;default&#8220; global_colors_info=&#8220;{}&#8220;]<\/p>\n<h3>F\u00fcr die Region<\/h3>\n<p>[\/et_pb_text][\/et_pb_column][et_pb_column type=&#8220;3_5&#8243; _builder_version=&#8220;4.27.4&#8243; _module_preset=&#8220;default&#8220; global_colors_info=&#8220;{}&#8220;][et_pb_text _builder_version=&#8220;4.27.4&#8243; _module_preset=&#8220;default&#8220; global_colors_info=&#8220;{}&#8220;]<\/p>\n<p>Wir sind ein etabliertes und renommiertes Bauleitungsb\u00fcro in der Region Z\u00fcrichsee, dass sich in der Umsetzung von anspruchsvollen Bauvorhaben auszeichnet.<\/p>\n<p>Seit der Gr\u00fcndung im Jahr 1989 haben wir bereits weit \u00fcber 100 Projekte unterschiedlicher Gr\u00f6sse umgesetzt. Begonnen mit einem kleinen Dachausbaus in Wollishofen bis zur Erweiterung der Wohnsiedlung Sunneweid in Itschnach.<\/p>\n<p>[\/et_pb_text][\/et_pb_column][\/et_pb_row][et_pb_row column_structure=&#8220;2_5,3_5&#8243; _builder_version=&#8220;4.27.4&#8243; _module_preset=&#8220;default&#8220; global_colors_info=&#8220;{}&#8220;][et_pb_column type=&#8220;2_5&#8243; _builder_version=&#8220;4.27.4&#8243; _module_preset=&#8220;default&#8220; global_colors_info=&#8220;{}&#8220;][et_pb_text _builder_version=&#8220;4.27.4&#8243; _module_preset=&#8220;default&#8220; global_colors_info=&#8220;{}&#8220;]<\/p>\n<h3>von Alt bis Neu<\/h3>\n<p>[\/et_pb_text][\/et_pb_column][et_pb_column type=&#8220;3_5&#8243; _builder_version=&#8220;4.27.4&#8243; _module_preset=&#8220;default&#8220; global_colors_info=&#8220;{}&#8220;][et_pb_text _builder_version=&#8220;4.27.4&#8243; _module_preset=&#8220;default&#8220; global_colors_info=&#8220;{}&#8220;]<\/p>\n<p>Wir sind spezialisiert auf Neubauten und Umbauten, die h\u00f6chste Anforderungen an Qualit\u00e4t und \u00c4sthetik stellen. Unsere Projekte umfassen sowohl innovative Architektur als auch die sorgf\u00e4ltige und respektvolle Sanierung von denkmalgesch\u00fctzten Geb\u00e4uden \u2013 ein Bereich, in dem wir viel Erfahrung und Fachwissen mitbringen.<\/p>\n<p>[\/et_pb_text][\/et_pb_column][\/et_pb_row][et_pb_row column_structure=&#8220;2_5,3_5&#8243; _builder_version=&#8220;4.27.4&#8243; _module_preset=&#8220;default&#8220; global_colors_info=&#8220;{}&#8220;][et_pb_column type=&#8220;2_5&#8243; _builder_version=&#8220;4.27.4&#8243; _module_preset=&#8220;default&#8220; global_colors_info=&#8220;{}&#8220;][et_pb_text _builder_version=&#8220;4.27.4&#8243; _module_preset=&#8220;default&#8220; global_colors_info=&#8220;{}&#8220;]<\/p>\n<h3>von Uns<\/h3>\n<p>[\/et_pb_text][\/et_pb_column][et_pb_column type=&#8220;3_5&#8243; _builder_version=&#8220;4.27.4&#8243; _module_preset=&#8220;default&#8220; global_colors_info=&#8220;{}&#8220;][et_pb_text _builder_version=&#8220;4.27.4&#8243; _module_preset=&#8220;default&#8220; global_colors_info=&#8220;{}&#8220; custom_padding=&#8220;||0px|||&#8220;]<\/p>\n<p>Mit einem tiefen Verst\u00e4ndnis f\u00fcr Architektur, Technik und Baurecht bieten wir als zuverl\u00e4ssiger Partner professionelles Baumanagement, Bauleitung und Bautreuhand an. Hierbei achten wir stets darauf, dass unsere Kunden h\u00f6chste Qualit\u00e4t und Transparenz erleben.<\/p>\n<p>[\/et_pb_text][\/et_pb_column][\/et_pb_row][et_pb_row column_structure=&#8220;2_5,3_5&#8243; _builder_version=&#8220;4.27.4&#8243; _module_preset=&#8220;default&#8220; global_colors_info=&#8220;{}&#8220;][et_pb_column type=&#8220;2_5&#8243; _builder_version=&#8220;4.27.4&#8243; _module_preset=&#8220;default&#8220; global_colors_info=&#8220;{}&#8220;][et_pb_text _builder_version=&#8220;4.27.4&#8243; _module_preset=&#8220;default&#8220; global_colors_info=&#8220;{}&#8220;]<\/p>\n<h3>f\u00fcr Sie<\/h3>\n<p>[\/et_pb_text][\/et_pb_column][et_pb_column type=&#8220;3_5&#8243; _builder_version=&#8220;4.27.4&#8243; _module_preset=&#8220;default&#8220; global_colors_info=&#8220;{}&#8220;][et_pb_text _builder_version=&#8220;4.27.4&#8243; _module_preset=&#8220;default&#8220; global_colors_info=&#8220;{}&#8220;]<\/p>\n<p>Bei BBB AG legen wir besonderen Wert auf eine enge und vertrauensvolle Zusammenarbeit mit unseren Kunden sowie Architekt:innen und Fachplaner:innen. Dabei wird jedes Projekt individuell und mit h\u00f6chster Pr\u00e4zision, Transparenz und Sorgfalt umgesetzt. Dazu geh\u00f6rt auch die Wertsch\u00e4tzung des Handwerks und ein respektvoller Umgang mit allen am Projekt Beteiligten.<\/p>\n<p>[\/et_pb_text][\/et_pb_column][\/et_pb_row][\/et_pb_section][et_pb_section fb_built=&#8220;1&#8243; disabled_on=&#8220;off|off|on&#8220; _builder_version=&#8220;4.16&#8243; _module_preset=&#8220;default&#8220; global_colors_info=&#8220;{}&#8220;][et_pb_row _builder_version=&#8220;4.16&#8243; _module_preset=&#8220;default&#8220; background_enable_image=&#8220;off&#8220; custom_padding=&#8220;0px||||false|false&#8220; background_last_edited=&#8220;on|phone&#8220; background_size_tablet=&#8220;contain&#8220; global_colors_info=&#8220;{}&#8220;][et_pb_column type=&#8220;4_4&#8243; _builder_version=&#8220;4.16&#8243; _module_preset=&#8220;default&#8220; background_enable_image=&#8220;off&#8220; background_last_edited=&#8220;on|desktop&#8220; background_size_tablet=&#8220;contain&#8220; global_colors_info=&#8220;{}&#8220;][et_pb_image src=&#8220;https:\/\/bbb-ag.ch\/wp-content\/uploads\/2025\/01\/DSC_0874-scaled.jpg&#8220; alt=&#8220;Team 2&#8243; title_text=&#8220;Team 2&#8243; _builder_version=&#8220;4.27.4&#8243; _module_preset=&#8220;default&#8220; global_colors_info=&#8220;{}&#8220;][\/et_pb_image][\/et_pb_column][\/et_pb_row][et_pb_row _builder_version=&#8220;4.27.4&#8243; _module_preset=&#8220;default&#8220; global_colors_info=&#8220;{}&#8220;][et_pb_column type=&#8220;4_4&#8243; _builder_version=&#8220;4.27.4&#8243; _module_preset=&#8220;default&#8220; global_colors_info=&#8220;{}&#8220;][et_pb_text _builder_version=&#8220;4.27.4&#8243; _module_preset=&#8220;default&#8220; hover_enabled=&#8220;0&#8243; global_colors_info=&#8220;{}&#8220; sticky_enabled=&#8220;0&#8243;]<\/p>\n<h2 style=\"text-align: center;\">BBB AG<\/h2>\n<p style=\"text-align: center;\">Ihr Bauleitungsb\u00fcro am Z\u00fcrichsee<\/p>\n<p>[\/et_pb_text][\/et_pb_column][\/et_pb_row][et_pb_row _builder_version=&#8220;4.27.4&#8243; _module_preset=&#8220;default&#8220;][et_pb_column _builder_version=&#8220;4.27.4&#8243; _module_preset=&#8220;default&#8220; type=&#8220;4_4&#8243;][et_pb_text _builder_version=&#8220;4.27.4&#8243; _module_preset=&#8220;default&#8220; hover_enabled=&#8220;0&#8243; sticky_enabled=&#8220;0&#8243;]<\/p>\n<h3>F\u00fcr die Region<\/h3>\n<p>Wir sind ein etabliertes und renommiertes Bauleitungsb\u00fcro in der Region Z\u00fcrichsee, dass sich in der Umsetzung von anspruchsvollen Bauvorhaben auszeichnet.<\/p>\n<p>Seit der Gr\u00fcndung im Jahr 1989 haben wir bereits weit \u00fcber 100 Projekte unterschiedlicher Gr\u00f6sse umgesetzt. Begonnen mit einem kleinen Dachausbaus in Wollishofen bis zur Erweiterung der Wohnsiedlung Sunneweid in Itschnach.<\/p>\n<p>&nbsp;<\/p>\n<h3>von Alt bis Neu<\/h3>\n<p>Wir sind spezialisiert auf Neubauten und Umbauten, die h\u00f6chste Anforderungen an Qualit\u00e4t und \u00c4sthetik stellen. Unsere Projekte umfassen sowohl innovative Architektur als auch die sorgf\u00e4ltige und respektvolle Sanierung von denkmalgesch\u00fctzten Geb\u00e4uden \u2013 ein Bereich, in dem wir viel Erfahrung und Fachwissen mitbringen.<\/p>\n<p>&nbsp;<\/p>\n<h3>von Uns<\/h3>\n<p>Mit einem tiefen Verst\u00e4ndnis f\u00fcr Architektur, Technik und Baurecht bieten wir als zuverl\u00e4ssiger Partner professionelles Baumanagement, Bauleitung und Bautreuhand an. Hierbei achten wir stets darauf, dass unsere Kunden h\u00f6chste Qualit\u00e4t und Transparenz erleben.<\/p>\n<p>&nbsp;<\/p>\n<h3>f\u00fcr Sie<\/h3>\n<p>Bei BBB AG legen wir besonderen Wert auf eine enge und vertrauensvolle Zusammenarbeit mit unseren Kunden sowie Architekt:innen und Fachplaner:innen. Dabei wird jedes Projekt individuell und mit h\u00f6chster Pr\u00e4zision, Transparenz und Sorgfalt umgesetzt. Dazu geh\u00f6rt auch die Wertsch\u00e4tzung des Handwerks und ein respektvoller Umgang mit allen am Projekt Beteiligten.<\/p>\n<p>&nbsp;<\/p>\n<p>[\/et_pb_text][\/et_pb_column][\/et_pb_row][\/et_pb_section]<\/p>\n","protected":false},"excerpt":{"rendered":"<p>BBB AG Ihr Bauleitungsb\u00fcro am Z\u00fcrichseeF\u00fcr die RegionWir sind ein etabliertes und renommiertes Bauleitungsb\u00fcro in der Region Z\u00fcrichsee, dass sich in der Umsetzung von anspruchsvollen Bauvorhaben auszeichnet. Seit der Gr\u00fcndung im Jahr 1989 haben wir bereits weit \u00fcber 100 Projekte unterschiedlicher Gr\u00f6sse umgesetzt. Begonnen mit einem kleinen Dachausbaus in Wollishofen bis zur Erweiterung der Wohnsiedlung [&hellip;]<\/p>\n","protected":false},"author":3,"featured_media":0,"parent":0,"menu_order":0,"comment_status":"closed","ping_status":"closed","template":"","meta":{"_et_pb_use_builder":"on","_et_pb_old_content":"","_et_gb_content_width":"","footnotes":""},"class_list":["post-2233","page","type-page","status-publish","hentry"],"_links":{"self":[{"href":"https:\/\/bbb-ag.ch\/index.php\/wp-json\/wp\/v2\/pages\/2233","targetHints":{"allow":["GET"]}}],"collection":[{"href":"https:\/\/bbb-ag.ch\/index.php\/wp-json\/wp\/v2\/pages"}],"about":[{"href":"https:\/\/bbb-ag.ch\/index.php\/wp-json\/wp\/v2\/types\/page"}],"author":[{"embeddable":true,"href":"https:\/\/bbb-ag.ch\/index.php\/wp-json\/wp\/v2\/users\/3"}],"replies":[{"embeddable":true,"href":"https:\/\/bbb-ag.ch\/index.php\/wp-json\/wp\/v2\/comments?post=2233"}],"version-history":[{"count":10,"href":"https:\/\/bbb-ag.ch\/index.php\/wp-json\/wp\/v2\/pages\/2233\/revisions"}],"predecessor-version":[{"id":2285,"href":"https:\/\/bbb-ag.ch\/index.php\/wp-json\/wp\/v2\/pages\/2233\/revisions\/2285"}],"wp:attachment":[{"href":"https:\/\/bbb-ag.ch\/index.php\/wp-json\/wp\/v2\/media?parent=2233"}],"curies":[{"name":"wp","href":"https:\/\/api.w.org\/{rel}","templated":true}]}}