{"id":1501,"date":"2022-01-20T20:52:02","date_gmt":"2022-01-20T20:52:02","guid":{"rendered":"https:\/\/bbb-ag.ch\/?page_id=1501"},"modified":"2022-01-21T11:20:23","modified_gmt":"2022-01-21T11:20:23","slug":"impressum","status":"publish","type":"page","link":"https:\/\/bbb-ag.ch\/index.php\/impressum\/","title":{"rendered":"Impressum"},"content":{"rendered":"<p>[et_pb_section fb_built=&#8220;1&#8243; _builder_version=&#8220;4.9.4&#8243; _module_preset=&#8220;default&#8220; global_colors_info=&#8220;{}&#8220;][et_pb_row use_custom_gutter=&#8220;on&#8220; gutter_width=&#8220;2&#8243; make_equal=&#8220;on&#8220; _builder_version=&#8220;4.10.8&#8243; _module_preset=&#8220;default&#8220; global_colors_info=&#8220;{}&#8220;][et_pb_column type=&#8220;4_4&#8243; _builder_version=&#8220;4.10.8&#8243; _module_preset=&#8220;default&#8220; global_colors_info=&#8220;{}&#8220;][et_pb_text _builder_version=&#8220;4.10.8&#8243; _module_preset=&#8220;default&#8220; hover_enabled=&#8220;0&#8243; global_colors_info=&#8220;{}&#8220; sticky_enabled=&#8220;0&#8243;]<\/p>\n<h2 class=\"title\">Impressum<\/h2>\n<h4>Verantwortlich f\u00fcr alle Inhalte dieser Webseite:<\/h4>\n<p><span id=\"kontakt\">Bauleitung, Baumanagement, Bautreuhand<br \/><\/span><span id=\"kontakt\">Allmendstrasse 75<\/span><br \/>8700 K\u00fcsnacht<br \/><a href=\"mailto:info@bbb-ag.ch\">info@bbb-ag.ch<\/a><br \/>+41 44 910 13 51<\/p>\n<h4>Webdesign:<\/h4>\n<p>hallointernet \u2013 Agentur f\u00fcr Webdesign in Z\u00fcrich<br \/>Barbara Schaub<br \/>Hedwigstrasse 16<br \/>8032 Z\u00fcrich<br \/><a href=\"https:\/\/www.hallointernet.ch\" target=\"_blank\" rel=\"noopener\">www.hallointernet.ch<\/a><br \/><a class=\"mailto-link\" href=\"mailto:hallo@hallointernet.ch\">hallo@hallointernet.ch<\/a><br \/>+41 79 699 11 69<\/p>\n<p>[\/et_pb_text][\/et_pb_column][\/et_pb_row][\/et_pb_section]<\/p>\n","protected":false},"excerpt":{"rendered":"<p>Impressum Verantwortlich f\u00fcr alle Inhalte dieser Webseite: Bauleitung, Baumanagement, BautreuhandAllmendstrasse 758700 K\u00fcsnachtinfo@bbb-ag.ch+41 44 910 13 51 Webdesign: hallointernet \u2013 Agentur f\u00fcr Webdesign in Z\u00fcrichBarbara SchaubHedwigstrasse 168032 Z\u00fcrichwww.hallointernet.chhallo@hallointernet.ch+41 79 699 11 69<\/p>\n","protected":false},"author":3,"featured_media":0,"parent":0,"menu_order":0,"comment_status":"closed","ping_status":"closed","template":"","meta":{"_et_pb_use_builder":"on","_et_pb_old_content":"","_et_gb_content_width":"","footnotes":""},"class_list":["post-1501","page","type-page","status-publish","hentry"],"_links":{"self":[{"href":"https:\/\/bbb-ag.ch\/index.php\/wp-json\/wp\/v2\/pages\/1501","targetHints":{"allow":["GET"]}}],"collection":[{"href":"https:\/\/bbb-ag.ch\/index.php\/wp-json\/wp\/v2\/pages"}],"about":[{"href":"https:\/\/bbb-ag.ch\/index.php\/wp-json\/wp\/v2\/types\/page"}],"author":[{"embeddable":true,"href":"https:\/\/bbb-ag.ch\/index.php\/wp-json\/wp\/v2\/users\/3"}],"replies":[{"embeddable":true,"href":"https:\/\/bbb-ag.ch\/index.php\/wp-json\/wp\/v2\/comments?post=1501"}],"version-history":[{"count":7,"href":"https:\/\/bbb-ag.ch\/index.php\/wp-json\/wp\/v2\/pages\/1501\/revisions"}],"predecessor-version":[{"id":1523,"href":"https:\/\/bbb-ag.ch\/index.php\/wp-json\/wp\/v2\/pages\/1501\/revisions\/1523"}],"wp:attachment":[{"href":"https:\/\/bbb-ag.ch\/index.php\/wp-json\/wp\/v2\/media?parent=1501"}],"curies":[{"name":"wp","href":"https:\/\/api.w.org\/{rel}","templated":true}]}}